{"id":360,"date":"2023-10-03T16:37:46","date_gmt":"2023-10-03T21:37:46","guid":{"rendered":"https:\/\/rendisoft.com\/?page_id=360"},"modified":"2023-10-09T22:10:48","modified_gmt":"2023-10-10T03:10:48","slug":"cursos","status":"publish","type":"page","link":"https:\/\/rendisoft.com\/index.php\/cursos\/","title":{"rendered":"Cursos de Capacitaci\u00f3n"},"content":{"rendered":"<p>[et_pb_section fb_built=&#8221;1&#8243; _builder_version=&#8221;4.15.1&#8243; _module_preset=&#8221;default&#8221; global_colors_info=&#8221;{}&#8221; custom_padding=&#8221;||69px|||&#8221;][et_pb_row _builder_version=&#8221;4.15.1&#8243; _module_preset=&#8221;default&#8221; custom_padding=&#8221;0px|||||&#8221; global_colors_info=&#8221;{}&#8221;][et_pb_column type=&#8221;4_4&#8243; _builder_version=&#8221;4.15.1&#8243; _module_preset=&#8221;default&#8221; global_colors_info=&#8221;{}&#8221;][et_pb_text _builder_version=&#8221;4.15.1&#8243; _module_preset=&#8221;default&#8221; global_colors_info=&#8221;{}&#8221;]<\/p>\n<h3><strong>Cursos de Capacitaci\u00f3n<\/strong><\/h3>\n<p>[\/et_pb_text][\/et_pb_column][\/et_pb_row][et_pb_row _builder_version=&#8221;4.15.1&#8243; _module_preset=&#8221;default&#8221; global_colors_info=&#8221;{}&#8221;][et_pb_column type=&#8221;4_4&#8243; _builder_version=&#8221;4.15.1&#8243; _module_preset=&#8221;default&#8221; global_colors_info=&#8221;{}&#8221;][et_pb_image src=&#8221;https:\/\/rendisoft.com\/wp-content\/uploads\/2023\/10\/pexels-yan-krukau-7794078-scaled.jpg&#8221; title_text=&#8221;pexels-yan-krukau-7794078&#8243; _builder_version=&#8221;4.15.1&#8243; _module_preset=&#8221;default&#8221; custom_margin=&#8221;-40px|||||&#8221; global_colors_info=&#8221;{}&#8221;][\/et_pb_image][\/et_pb_column][\/et_pb_row][et_pb_row _builder_version=&#8221;4.15.1&#8243; _module_preset=&#8221;default&#8221; global_colors_info=&#8221;{}&#8221;][et_pb_column type=&#8221;4_4&#8243; _builder_version=&#8221;4.15.1&#8243; _module_preset=&#8221;default&#8221; global_colors_info=&#8221;{}&#8221;][et_pb_text _builder_version=&#8221;4.15.1&#8243; _module_preset=&#8221;default&#8221; global_colors_info=&#8221;{}&#8221;]<\/p>\n<ol>\n<li>Productividad Organizacional.<\/li>\n<li>Herramientas Kaizen de mejora continua.<\/li>\n<li>Lean Manufacturing.<\/li>\n<li>T\u00e9cnicas para elaboraci\u00f3n de Estudios de Tiempos.<\/li>\n<li>T\u00e9cnicas para elaboraci\u00f3n de Estudios de M\u00e9todos y Movimientos.<\/li>\n<li>Aplicaci\u00f3n de Est\u00e1ndares de Tiempos.<\/li>\n<li>Herramientas B\u00e1sicas de Control de Calidad aplicadas con Excel.<\/li>\n<li>Motivaci\u00f3n para el logro de resultados.<\/li>\n<li>Sensibilizaci\u00f3n al cambio.<\/li>\n<li>C\u00edrculos de Calidad Efectivos.<\/li>\n<li>Dise\u00f1o y Gesti\u00f3n de Procesos.<\/li>\n<li>Administraci\u00f3n Efectiva del Tiempo.<\/li>\n<li>Creatividad y soluci\u00f3n de problemas<\/li>\n<li>Trabajo en equipo.<\/li>\n<li>Soluci\u00f3n de problemas.<\/li>\n<\/ol>\n<p>Cursos personalizados a la necesidad de su organizaci\u00f3n para realizar en forma presencial o virtual.<\/p>\n<p>Poseemos nuestra propia plataforma de cursos virtuales.<\/p>\n<p>[\/et_pb_text][\/et_pb_column][\/et_pb_row][et_pb_row column_structure=&#8221;1_2,1_2&#8243; _builder_version=&#8221;4.15.1&#8243; _module_preset=&#8221;default&#8221; global_colors_info=&#8221;{}&#8221;][et_pb_column type=&#8221;1_2&#8243; _builder_version=&#8221;4.15.1&#8243; _module_preset=&#8221;default&#8221; global_colors_info=&#8221;{}&#8221;][et_pb_cta title=&#8221;Cont\u00e1ctanos&#8221; button_text=&#8221;Click Aqu\u00ed&#8221; _builder_version=&#8221;4.15.1&#8243; _module_preset=&#8221;default&#8221; background_color=&#8221;#000000&#8243; min_height=&#8221;404.6px&#8221; custom_margin=&#8221;||28px|||&#8221; global_colors_info=&#8221;{}&#8221;]<\/p>\n<p>&nbsp;<\/p>\n<p>Tel\u00e9fono en Quito-Ecuador:<br \/>(593) 984 697 519<br \/>Tel\u00e9fono en Medell\u00edn-Colombia:<br \/>(57) 315 403 8556<\/p>\n<p>Correo electr\u00f3nico:<br \/><a href=\"mailto:soporte@rendisoft.com\">ventas@rendisoft.com<\/a><\/p>\n<p><a href=\"mailto:soporte@rendisoft.com\">soporte@rendisoft.com<\/a><\/p>\n<p>[\/et_pb_cta][\/et_pb_column][et_pb_column type=&#8221;1_2&#8243; _builder_version=&#8221;4.15.1&#8243; _module_preset=&#8221;default&#8221; global_colors_info=&#8221;{}&#8221;][et_pb_post_slider more_text=&#8221;Leer m\u00e1s&#8221; excerpt_length=&#8221;80&#8243; _builder_version=&#8221;4.15.1&#8243; _module_preset=&#8221;default&#8221; background_color=&#8221;#000000&#8243; min_height=&#8221;369px&#8221; hover_enabled=&#8221;0&#8243; global_colors_info=&#8221;{}&#8221; sticky_enabled=&#8221;0&#8243;][\/et_pb_post_slider][\/et_pb_column][\/et_pb_row][\/et_pb_section]<\/p>\n","protected":false},"excerpt":{"rendered":"<p>Cursos de Capacitaci\u00f3n Productividad Organizacional. Herramientas Kaizen de mejora continua. Lean Manufacturing. T\u00e9cnicas para elaboraci\u00f3n de Estudios de Tiempos. T\u00e9cnicas para elaboraci\u00f3n de Estudios de M\u00e9todos y Movimientos. Aplicaci\u00f3n de Est\u00e1ndares de Tiempos. Herramientas B\u00e1sicas de Control de Calidad aplicadas con Excel. Motivaci\u00f3n para el logro de resultados. Sensibilizaci\u00f3n al cambio. C\u00edrculos de Calidad Efectivos. [&hellip;]<\/p>\n","protected":false},"author":2,"featured_media":0,"parent":0,"menu_order":0,"comment_status":"closed","ping_status":"closed","template":"","meta":{"_et_pb_use_builder":"on","_et_pb_old_content":"","_et_gb_content_width":"","om_disable_all_campaigns":false,"_monsterinsights_skip_tracking":false,"_monsterinsights_sitenote_active":false,"_monsterinsights_sitenote_note":"","_monsterinsights_sitenote_category":0,"footnotes":""},"class_list":["post-360","page","type-page","status-publish","hentry"],"aioseo_notices":[],"_links":{"self":[{"href":"https:\/\/rendisoft.com\/index.php\/wp-json\/wp\/v2\/pages\/360"}],"collection":[{"href":"https:\/\/rendisoft.com\/index.php\/wp-json\/wp\/v2\/pages"}],"about":[{"href":"https:\/\/rendisoft.com\/index.php\/wp-json\/wp\/v2\/types\/page"}],"author":[{"embeddable":true,"href":"https:\/\/rendisoft.com\/index.php\/wp-json\/wp\/v2\/users\/2"}],"replies":[{"embeddable":true,"href":"https:\/\/rendisoft.com\/index.php\/wp-json\/wp\/v2\/comments?post=360"}],"version-history":[{"count":10,"href":"https:\/\/rendisoft.com\/index.php\/wp-json\/wp\/v2\/pages\/360\/revisions"}],"predecessor-version":[{"id":495,"href":"https:\/\/rendisoft.com\/index.php\/wp-json\/wp\/v2\/pages\/360\/revisions\/495"}],"wp:attachment":[{"href":"https:\/\/rendisoft.com\/index.php\/wp-json\/wp\/v2\/media?parent=360"}],"curies":[{"name":"wp","href":"https:\/\/api.w.org\/{rel}","templated":true}]}}