{"id":358,"date":"2023-10-03T16:37:23","date_gmt":"2023-10-03T21:37:23","guid":{"rendered":"https:\/\/rendisoft.com\/?page_id=358"},"modified":"2023-10-09T22:08:42","modified_gmt":"2023-10-10T03:08:42","slug":"aseguramiento-de-la-calidad","status":"publish","type":"page","link":"https:\/\/rendisoft.com\/index.php\/aseguramiento-de-la-calidad\/","title":{"rendered":"Aseguramiento de la Calidad"},"content":{"rendered":"<p>[et_pb_section fb_built=&#8221;1&#8243; _builder_version=&#8221;4.15.1&#8243; _module_preset=&#8221;default&#8221; global_colors_info=&#8221;{}&#8221;][et_pb_row _builder_version=&#8221;4.15.1&#8243; _module_preset=&#8221;default&#8221; global_colors_info=&#8221;{}&#8221;][et_pb_column type=&#8221;4_4&#8243; _builder_version=&#8221;4.15.1&#8243; _module_preset=&#8221;default&#8221; global_colors_info=&#8221;{}&#8221;][et_pb_text _builder_version=&#8221;4.15.1&#8243; _module_preset=&#8221;default&#8221; global_colors_info=&#8221;{}&#8221;]<\/p>\n<h3><strong>Aseguramiento de la Calidad<\/strong><\/h3>\n<p>[\/et_pb_text][\/et_pb_column][\/et_pb_row][et_pb_row column_structure=&#8221;1_2,1_2&#8243; _builder_version=&#8221;4.15.1&#8243; _module_preset=&#8221;default&#8221; global_colors_info=&#8221;{}&#8221;][et_pb_column type=&#8221;1_2&#8243; _builder_version=&#8221;4.15.1&#8243; _module_preset=&#8221;default&#8221; global_colors_info=&#8221;{}&#8221;][et_pb_image src=&#8221;https:\/\/rendisoft.com\/wp-content\/uploads\/2023\/10\/istockphoto-1446160177-1024&#215;1024-transformed.jpeg&#8221; title_text=&#8221;istockphoto-1446160177-1024&#215;1024-transformed&#8221; _builder_version=&#8221;4.15.1&#8243; _module_preset=&#8221;default&#8221; width=&#8221;100%&#8221; max_width=&#8221;100%&#8221; min_height=&#8221;278px&#8221; custom_padding=&#8221;|0px||||&#8221; global_colors_info=&#8221;{}&#8221;][\/et_pb_image][\/et_pb_column][et_pb_column type=&#8221;1_2&#8243; _builder_version=&#8221;4.15.1&#8243; _module_preset=&#8221;default&#8221; global_colors_info=&#8221;{}&#8221;][et_pb_text _builder_version=&#8221;4.15.1&#8243; _module_preset=&#8221;default&#8221; global_colors_info=&#8221;{}&#8221;]<\/p>\n<p>El aseguramiento de la calidad es un proceso fundamental para cualquier empresa que busque mantener altos est\u00e1ndares de calidad en sus productos o servicios. A trav\u00e9s de este proceso, las empresas pueden garantizar que sus productos o servicios cumplan con los requisitos y expectativas de sus clientes, lo que a su vez puede mejorar la satisfacci\u00f3n del cliente y la reputaci\u00f3n de la empresa. Adem\u00e1s, el aseguramiento de la calidad tambi\u00e9n puede ayudar a las empresas a reducir costos, mejorar la eficiencia y minimizar los riesgos asociados con la producci\u00f3n y entrega de sus productos o servicios. Para ser competitivo es necesario ofrecer productos y servicios de alta calidad que superen las expectativas de los clientes que permitan mantenerlos y fidelizarlos a trav\u00e9s del tiempo con el compromiso de seguir mejorando, aportando valor y generando soluciones integrales\u00a0<\/p>\n<p>[\/et_pb_text][\/et_pb_column][\/et_pb_row][et_pb_row _builder_version=&#8221;4.15.1&#8243; _module_preset=&#8221;default&#8221; global_colors_info=&#8221;{}&#8221;][et_pb_column type=&#8221;4_4&#8243; _builder_version=&#8221;4.15.1&#8243; _module_preset=&#8221;default&#8221; global_colors_info=&#8221;{}&#8221;][et_pb_text _builder_version=&#8221;4.15.1&#8243; _module_preset=&#8221;default&#8221; global_colors_info=&#8221;{}&#8221;]<\/p>\n<p>Six Sigma:<\/p>\n<p>Six Sigma es una metodolog\u00eda de trabajo muy exigente para mejorar a\u00fan m\u00e1s la calidad de los productos y servicios, busca conseguir la m\u00e1xima efectividad de las compa\u00f1\u00edas de bienes y servicios. Analiza las causas de la variaci\u00f3n en los procesos y propone soluciones que mejoren radicalmente el desempe\u00f1o del negocio.<\/p>\n<p>Seis Sigma usa una medida para observar que tan bien o mal se operan los procesos y darles una manera com\u00fan de expresar dicha medida.<\/p>\n<p>Esta metodolog\u00eda es bastante exigente y requiere de mucho compromiso y participaci\u00f3n de la alta Gerencia.\u00a0 Su aplicaci\u00f3n requiere de bastante capacitaci\u00f3n del personal medio y alto en diferentes t\u00e9cnicas de mejora de procesos con aplicaci\u00f3n de herramientas estad\u00edsticas, b\u00e1sicas y avanzadas con el fin de reducir la variaci\u00f3n de los procesos.<\/p>\n<p>Una de las caracter\u00edsticas que diferencia a esta metodolog\u00eda es que el grado de calidad de un proceso o producto no se mide en porcentaje, sino que se mide en defectos por mill\u00f3n de oportunidades (D.P.M.O).<\/p>\n<p>[\/et_pb_text][\/et_pb_column][\/et_pb_row][et_pb_row _builder_version=&#8221;4.15.1&#8243; _module_preset=&#8221;default&#8221; global_colors_info=&#8221;{}&#8221;][et_pb_column type=&#8221;4_4&#8243; _builder_version=&#8221;4.15.1&#8243; _module_preset=&#8221;default&#8221; global_colors_info=&#8221;{}&#8221;][et_pb_image src=&#8221;https:\/\/rendisoft.com\/wp-content\/uploads\/2023\/10\/istockphoto-1515722354-1024&#215;1024-transformed.jpeg&#8221; title_text=&#8221;istockphoto-1515722354-1024&#215;1024-transformed&#8221; _builder_version=&#8221;4.15.1&#8243; _module_preset=&#8221;default&#8221; global_colors_info=&#8221;{}&#8221;][\/et_pb_image][\/et_pb_column][\/et_pb_row][et_pb_row _builder_version=&#8221;4.15.1&#8243; _module_preset=&#8221;default&#8221; global_colors_info=&#8221;{}&#8221;][et_pb_column type=&#8221;4_4&#8243; _builder_version=&#8221;4.15.1&#8243; _module_preset=&#8221;default&#8221; global_colors_info=&#8221;{}&#8221;][et_pb_text _builder_version=&#8221;4.15.1&#8243; _module_preset=&#8221;default&#8221; global_colors_info=&#8221;{}&#8221;]<\/p>\n<p><strong>HERRAMIENTAS:<\/strong><\/p>\n<ul>\n<li>Proyectos de re-ingenier\u00eda de procesos productivos y administrativos con orientaci\u00f3n a la mejora en la variaci\u00f3n de la calidad de procesos y productos (Eficacia).<\/li>\n<li>Definici\u00f3n de par\u00e1metros de calidad para los procesos y los productos.<\/li>\n<li>Implementaci\u00f3n de aseguramiento de calidad en la cadena productiva.<\/li>\n<li>7 herramientas para el control de calidad.<\/li>\n<li>Definici\u00f3n de estad\u00edsticas descriptivas.<\/li>\n<li>Auditor\u00edas de cumplimiento de los par\u00e1metros de calidad de los procesos y los productos.<\/li>\n<\/ul>\n<p>[\/et_pb_text][\/et_pb_column][\/et_pb_row][et_pb_row column_structure=&#8221;1_2,1_2&#8243; _builder_version=&#8221;4.15.1&#8243; _module_preset=&#8221;default&#8221; global_colors_info=&#8221;{}&#8221;][et_pb_column type=&#8221;1_2&#8243; _builder_version=&#8221;4.15.1&#8243; _module_preset=&#8221;default&#8221; global_colors_info=&#8221;{}&#8221;][et_pb_cta title=&#8221;Cont\u00e1ctanos&#8221; button_text=&#8221;Click Aqu\u00ed&#8221; _builder_version=&#8221;4.15.1&#8243; _module_preset=&#8221;default&#8221; background_color=&#8221;#000000&#8243; custom_margin=&#8221;||18px|||&#8221; custom_padding=&#8221;||60px|||&#8221; global_colors_info=&#8221;{}&#8221; min_height=&#8221;404.4px&#8221;]<\/p>\n<p>&nbsp;<\/p>\n<p>Tel\u00e9fono en Quito-Ecuador:<br \/>(593) 984 697 519<br \/>Tel\u00e9fono en Medell\u00edn-Colombia:<br \/>(57) 315 403 8556<\/p>\n<p>Correo electr\u00f3nico:<br \/><a href=\"mailto:soporte@rendisoft.com\">ventas@rendisoft.com<\/a><\/p>\n<p><a href=\"mailto:soporte@rendisoft.com\">soporte@rendisoft.com<\/a><\/p>\n<p>[\/et_pb_cta][\/et_pb_column][et_pb_column type=&#8221;1_2&#8243; _builder_version=&#8221;4.15.1&#8243; _module_preset=&#8221;default&#8221; global_colors_info=&#8221;{}&#8221;][et_pb_post_slider more_text=&#8221;Leer m\u00e1s&#8221; excerpt_length=&#8221;80&#8243; _builder_version=&#8221;4.15.1&#8243; _module_preset=&#8221;default&#8221; background_color=&#8221;#000000&#8243; min_height=&#8221;323.2px&#8221; hover_enabled=&#8221;0&#8243; global_colors_info=&#8221;{}&#8221; sticky_enabled=&#8221;0&#8243;][\/et_pb_post_slider][\/et_pb_column][\/et_pb_row][\/et_pb_section]<\/p>\n","protected":false},"excerpt":{"rendered":"<p>Aseguramiento de la CalidadEl aseguramiento de la calidad es un proceso fundamental para cualquier empresa que busque mantener altos est\u00e1ndares de calidad en sus productos o servicios. A trav\u00e9s de este proceso, las empresas pueden garantizar que sus productos o servicios cumplan con los requisitos y expectativas de sus clientes, lo que a su vez [&hellip;]<\/p>\n","protected":false},"author":2,"featured_media":0,"parent":0,"menu_order":0,"comment_status":"closed","ping_status":"closed","template":"","meta":{"_et_pb_use_builder":"on","_et_pb_old_content":"","_et_gb_content_width":"","om_disable_all_campaigns":false,"_monsterinsights_skip_tracking":false,"_monsterinsights_sitenote_active":false,"_monsterinsights_sitenote_note":"","_monsterinsights_sitenote_category":0,"footnotes":""},"class_list":["post-358","page","type-page","status-publish","hentry"],"aioseo_notices":[],"_links":{"self":[{"href":"https:\/\/rendisoft.com\/index.php\/wp-json\/wp\/v2\/pages\/358"}],"collection":[{"href":"https:\/\/rendisoft.com\/index.php\/wp-json\/wp\/v2\/pages"}],"about":[{"href":"https:\/\/rendisoft.com\/index.php\/wp-json\/wp\/v2\/types\/page"}],"author":[{"embeddable":true,"href":"https:\/\/rendisoft.com\/index.php\/wp-json\/wp\/v2\/users\/2"}],"replies":[{"embeddable":true,"href":"https:\/\/rendisoft.com\/index.php\/wp-json\/wp\/v2\/comments?post=358"}],"version-history":[{"count":5,"href":"https:\/\/rendisoft.com\/index.php\/wp-json\/wp\/v2\/pages\/358\/revisions"}],"predecessor-version":[{"id":493,"href":"https:\/\/rendisoft.com\/index.php\/wp-json\/wp\/v2\/pages\/358\/revisions\/493"}],"wp:attachment":[{"href":"https:\/\/rendisoft.com\/index.php\/wp-json\/wp\/v2\/media?parent=358"}],"curies":[{"name":"wp","href":"https:\/\/api.w.org\/{rel}","templated":true}]}}