{"id":356,"date":"2023-10-03T16:36:45","date_gmt":"2023-10-03T21:36:45","guid":{"rendered":"https:\/\/rendisoft.com\/?page_id=356"},"modified":"2023-10-09T22:05:09","modified_gmt":"2023-10-10T03:05:09","slug":"tiempos-y-movimientos","status":"publish","type":"page","link":"https:\/\/rendisoft.com\/index.php\/tiempos-y-movimientos\/","title":{"rendered":"Tiempos y Movimientos"},"content":{"rendered":"<p>[et_pb_section fb_built=&#8221;1&#8243; _builder_version=&#8221;4.15.1&#8243; _module_preset=&#8221;default&#8221; global_colors_info=&#8221;{}&#8221;][et_pb_row _builder_version=&#8221;4.15.1&#8243; _module_preset=&#8221;default&#8221; global_colors_info=&#8221;{}&#8221;][et_pb_column type=&#8221;4_4&#8243; _builder_version=&#8221;4.15.1&#8243; _module_preset=&#8221;default&#8221; global_colors_info=&#8221;{}&#8221;][et_pb_text _builder_version=&#8221;4.15.1&#8243; _module_preset=&#8221;default&#8221; global_colors_info=&#8221;{}&#8221;]<\/p>\n<h3><strong>Tiempos y Movimientos<\/strong><\/h3>\n<p>[\/et_pb_text][\/et_pb_column][\/et_pb_row][et_pb_row _builder_version=&#8221;4.15.1&#8243; _module_preset=&#8221;default&#8221; global_colors_info=&#8221;{}&#8221;][et_pb_column type=&#8221;4_4&#8243; _builder_version=&#8221;4.15.1&#8243; _module_preset=&#8221;default&#8221; global_colors_info=&#8221;{}&#8221;][et_pb_image src=&#8221;https:\/\/rendisoft.com\/wp-content\/uploads\/2023\/10\/tiempos_ymovimientos.png&#8221; title_text=&#8221;tiempos_ymovimientos&#8221; _builder_version=&#8221;4.15.1&#8243; _module_preset=&#8221;default&#8221; global_colors_info=&#8221;{}&#8221;][\/et_pb_image][\/et_pb_column][\/et_pb_row][et_pb_row column_structure=&#8221;3_5,2_5&#8243; _builder_version=&#8221;4.15.1&#8243; _module_preset=&#8221;default&#8221; global_colors_info=&#8221;{}&#8221;][et_pb_column type=&#8221;3_5&#8243; _builder_version=&#8221;4.15.1&#8243; _module_preset=&#8221;default&#8221; global_colors_info=&#8221;{}&#8221;][et_pb_image src=&#8221;https:\/\/rendisoft.com\/wp-content\/uploads\/2023\/10\/pexels-black-ice-1314544-scaled.jpg&#8221; title_text=&#8221;pexels-black-ice-1314544&#8243; _builder_version=&#8221;4.15.1&#8243; _module_preset=&#8221;default&#8221; global_colors_info=&#8221;{}&#8221;][\/et_pb_image][\/et_pb_column][et_pb_column type=&#8221;2_5&#8243; _builder_version=&#8221;4.15.1&#8243; _module_preset=&#8221;default&#8221; global_colors_info=&#8221;{}&#8221;][et_pb_text _builder_version=&#8221;4.15.1&#8243; _module_preset=&#8221;default&#8221; global_colors_info=&#8221;{}&#8221;]<\/p>\n<p>Las diferentes t\u00e9cnicas de estudios de tiempos y todas sus aplicaciones dentro de una organizaci\u00f3n le permiten a la direcci\u00f3n conocer el tiempo real que se invierte en ejecutar una operaci\u00f3n o serie de operaciones de tal forma que el tiempo improductivo se evidencie y sea posible separarlo del tiempo productivo. Es sorprendente la cantidad de tiempo improductivo incorporado en los procesos de las empresas que nunca han aplicado las t\u00e9cnicas adecuadas de Tiempos y Movimientos, de modo que, no se sospechaba o se consideraba como cosa corriente e inevitable que nadie pod\u00eda remediar.<\/p>\n<p>El Desperdicio de tiempo es uno de los errores m\u00e1s comunes que se cometen en una organizaci\u00f3n por diferentes factores. Nuestra experiencia en la utilizaci\u00f3n de esta herramienta puede ayudarle a ser m\u00e1s eficiente y competitivo, eliminando tiempos improductivos y operaciones innecesarias que no agregan valor.<\/p>\n<p>[\/et_pb_text][\/et_pb_column][\/et_pb_row][et_pb_row _builder_version=&#8221;4.15.1&#8243; _module_preset=&#8221;default&#8221; global_colors_info=&#8221;{}&#8221;][et_pb_column type=&#8221;4_4&#8243; _builder_version=&#8221;4.15.1&#8243; _module_preset=&#8221;default&#8221; global_colors_info=&#8221;{}&#8221;][et_pb_text _builder_version=&#8221;4.15.1&#8243; _module_preset=&#8221;default&#8221; global_colors_info=&#8221;{}&#8221;]<\/p>\n<h4 style=\"text-align: center;\"><strong>HERRAMIENTAS<\/strong><\/h4>\n<p>[\/et_pb_text][\/et_pb_column][\/et_pb_row][et_pb_row column_structure=&#8221;1_2,1_2&#8243; _builder_version=&#8221;4.15.1&#8243; _module_preset=&#8221;default&#8221; global_colors_info=&#8221;{}&#8221;][et_pb_column type=&#8221;1_2&#8243; _builder_version=&#8221;4.15.1&#8243; _module_preset=&#8221;default&#8221; global_colors_info=&#8221;{}&#8221;][et_pb_text _builder_version=&#8221;4.15.1&#8243; _module_preset=&#8221;default&#8221; global_colors_info=&#8221;{}&#8221;]<\/p>\n<ul>\n<li>Estudios de M\u00e9todos y Movimientos.<\/li>\n<li>Estudios de Distribuci\u00f3n en planta. (layout).<\/li>\n<li>Estudio de Capacidad Instalada.<\/li>\n<li>Evaluaci\u00f3n de Utilizaci\u00f3n de M\u00e1quinas y Equipos.<\/li>\n<li>Comparaci\u00f3n de m\u00e9todos de trabajo.<\/li>\n<li>An\u00e1lisis y selecci\u00f3n de equipo de manejo de materiales.<\/li>\n<li>An\u00e1lisis de costo beneficio.<\/li>\n<li>Evaluaci\u00f3n de cargas de trabajo.<\/li>\n<\/ul>\n<p>[\/et_pb_text][\/et_pb_column][et_pb_column type=&#8221;1_2&#8243; _builder_version=&#8221;4.15.1&#8243; _module_preset=&#8221;default&#8221; global_colors_info=&#8221;{}&#8221;][et_pb_text _builder_version=&#8221;4.15.1&#8243; _module_preset=&#8221;default&#8221; global_colors_info=&#8221;{}&#8221;]<\/p>\n<ul>\n<li>Estudios de tiempos con cronometro.<\/li>\n<li>Estudios de tiempos por muestreo del trabajo.<\/li>\n<li>Determinaci\u00f3n de eficiencias en procesos y sub-procesos.<\/li>\n<li>Sistemas de control y medici\u00f3n del desempe\u00f1o del personal en base a tiempos est\u00e1ndares.<\/li>\n<li>Implementaci\u00f3n de indicadores clave de productividad, eficiencia y eficacia.<\/li>\n<li>Presupuesto de personas, m\u00e1quinas y otros recursos en base a est\u00e1ndares.<\/li>\n<li>Sistemas de incentivos (Remuneraci\u00f3n variable).<\/li>\n<\/ul>\n<p>[\/et_pb_text][\/et_pb_column][\/et_pb_row][et_pb_row column_structure=&#8221;1_2,1_2&#8243; _builder_version=&#8221;4.15.1&#8243; _module_preset=&#8221;default&#8221; global_colors_info=&#8221;{}&#8221;][et_pb_column type=&#8221;1_2&#8243; _builder_version=&#8221;4.15.1&#8243; _module_preset=&#8221;default&#8221; global_colors_info=&#8221;{}&#8221;][et_pb_text _builder_version=&#8221;4.15.1&#8243; _module_preset=&#8221;default&#8221; global_colors_info=&#8221;{}&#8221;]<\/p>\n<p>Cualquier persona puede medir tiempos con un reloj, pero s\u00f3lo los que analizan detalladamente la efectividad de los movimientos en el lugar de trabajo pueden determinar con certeza la duraci\u00f3n de una actividad y aplicar los tiempos suplementarios adecuados que pueden dar un est\u00e1ndar de tiempo eficaz y garantizado para el proceso.<\/p>\n<p>La eficacia en la obtenci\u00f3n de un efectivo est\u00e1ndar de tiempo, radica en el dise\u00f1o del entorno as\u00ed como del desarrollo de un buen m\u00e9todo de trabajo.<\/p>\n<p>Cuando en una operaci\u00f3n se interact\u00faa con m\u00e1quinas y personas es de vital importancia utilizar las diferentes herramientas existentes que permitan eliminar los tiempos innecesarios y los desperdicios para alcanzar nuevos niveles de capacidad de respuesta y eficiencia operacional.<\/p>\n<p>La correcta elaboraci\u00f3n de los tiempos est\u00e1ndares servir\u00e1 como base para establecer planificaciones de trabajos, otras para conocer la capacidad de las m\u00e1quinas, determinar las personas necesarias para desarrollar un determinado montaje o para establecer sistemas de remuneraci\u00f3n variable (Incentivos o primas de productividad).<\/p>\n<p>[\/et_pb_text][\/et_pb_column][et_pb_column type=&#8221;1_2&#8243; _builder_version=&#8221;4.15.1&#8243; _module_preset=&#8221;default&#8221; global_colors_info=&#8221;{}&#8221;][et_pb_testimonial author=&#8221;Taichi Ohono&#8221; job_title=&#8221;Ingeniero Industrial&#8221; company_name=&#8221;Sistema Producci\u00f3n Toyota&#8221; portrait_url=&#8221;https:\/\/rendisoft.com\/wp-content\/uploads\/2023\/10\/taiichi_ohono.jpg&#8221; _builder_version=&#8221;4.15.1&#8243; _module_preset=&#8221;default&#8221; background_color=&#8221;#FFFFFF&#8221; global_colors_info=&#8221;{}&#8221;]<\/p>\n<p><i>El tiempo desperdiciado es una cosa que no puede reciclarse.\u201d<br \/><\/i><\/p>\n<p>[\/et_pb_testimonial][et_pb_image src=&#8221;https:\/\/rendisoft.com\/wp-content\/uploads\/2023\/10\/est_tiempos.jpeg&#8221; title_text=&#8221;est_tiempos&#8221; align=&#8221;center&#8221; _builder_version=&#8221;4.15.1&#8243; _module_preset=&#8221;default&#8221; width=&#8221;100%&#8221; max_width=&#8221;100%&#8221; min_height=&#8221;229px&#8221; global_colors_info=&#8221;{}&#8221;][\/et_pb_image][\/et_pb_column][\/et_pb_row][et_pb_row _builder_version=&#8221;4.15.1&#8243; _module_preset=&#8221;default&#8221; global_colors_info=&#8221;{}&#8221;][et_pb_column type=&#8221;4_4&#8243; _builder_version=&#8221;4.15.1&#8243; _module_preset=&#8221;default&#8221; global_colors_info=&#8221;{}&#8221;][et_pb_text _builder_version=&#8221;4.15.1&#8243; _module_preset=&#8221;default&#8221; global_colors_info=&#8221;{}&#8221;]<\/p>\n<p><strong>Lean Manufacturing:<\/strong><\/p>\n<p>El Lean Manufacturing o Manufactura Esbelta es una adaptaci\u00f3n del exitoso Sistema de Producci\u00f3n Toyota implementado durante los a\u00f1os 70 y consiste en la aplicaci\u00f3n de un conjunto de herramientas para eliminar operaciones que no agreguen valor al producto, servicio y\/o a los procesos, aumentando el valor de cada actividad realizada y, eliminando lo que no se requiere; reduce desperdicios y mejora las operaciones, bas\u00e1ndose siempre en el respeto al trabajador.<\/p>\n<p>Taiichi Ohno \u2013 pionero del Sistema de Producci\u00f3n Toyota identific\u00f3 los principales or\u00edgenes del desperdicio que \u00e9l denomin\u00f3 \u201cLos Siete Desperdicios Mortales:<\/p>\n<p>[\/et_pb_text][\/et_pb_column][\/et_pb_row][et_pb_row column_structure=&#8221;1_2,1_2&#8243; _builder_version=&#8221;4.15.1&#8243; _module_preset=&#8221;default&#8221; global_colors_info=&#8221;{}&#8221;][et_pb_column type=&#8221;1_2&#8243; _builder_version=&#8221;4.15.1&#8243; _module_preset=&#8221;default&#8221; global_colors_info=&#8221;{}&#8221;][et_pb_image src=&#8221;https:\/\/rendisoft.com\/wp-content\/uploads\/2023\/10\/Grafico_7_desperdicios.png&#8221; title_text=&#8221;Grafico_7_desperdicios&#8221; align=&#8221;center&#8221; _builder_version=&#8221;4.15.1&#8243; _module_preset=&#8221;default&#8221; max_width=&#8221;100%&#8221; global_colors_info=&#8221;{}&#8221;][\/et_pb_image][\/et_pb_column][et_pb_column type=&#8221;1_2&#8243; _builder_version=&#8221;4.15.1&#8243; _module_preset=&#8221;default&#8221; global_colors_info=&#8221;{}&#8221;][et_pb_text _builder_version=&#8221;4.15.1&#8243; _module_preset=&#8221;default&#8221; global_colors_info=&#8221;{}&#8221;]<\/p>\n<h1>\u00a0<\/h1>\n<p>HERRAMIENTAS<\/p>\n<ul>\n<li>Los 7 desperdicios mortales<\/li>\n<li>Las 5 S<\/li>\n<li>M\u00e9todo y Cultura Kaizen<\/li>\n<li>Resoluci\u00f3n pr\u00e1ctica de problemas<\/li>\n<li>Pensamiento A3<\/li>\n<li>Mapeo del flujo de valor<\/li>\n<li>Trabajo est\u00e1ndar<\/li>\n<li>Cambio r\u00e1pido de modelo SMED<\/li>\n<li>Sistema Justo a tiempo<\/li>\n<li>Kanban<\/li>\n<li>Mantenimiento Productivo Total<\/li>\n<li>Sistema de Gesti\u00f3n Visuales.<\/li>\n<\/ul>\n<p>[\/et_pb_text][\/et_pb_column][\/et_pb_row][et_pb_row column_structure=&#8221;1_2,1_2&#8243; _builder_version=&#8221;4.15.1&#8243; _module_preset=&#8221;default&#8221; global_colors_info=&#8221;{}&#8221;][et_pb_column type=&#8221;1_2&#8243; _builder_version=&#8221;4.15.1&#8243; _module_preset=&#8221;default&#8221; hover_enabled=&#8221;0&#8243; global_colors_info=&#8221;{}&#8221; sticky_enabled=&#8221;0&#8243;][et_pb_cta title=&#8221;Cont\u00e1ctanos&#8221; button_text=&#8221;Click Aqu\u00ed&#8221; _builder_version=&#8221;4.15.1&#8243; _module_preset=&#8221;default&#8221; background_color=&#8221;#000000&#8243; custom_padding=&#8221;||77px|||&#8221; global_colors_info=&#8221;{}&#8221; custom_margin=&#8221;||-2px|||&#8221; min_height=&#8221;319.4px&#8221;]<\/p>\n<p>&nbsp;<\/p>\n<p>Tel\u00e9fono en Quito-Ecuador:<br \/>(593) 984 697 519<br \/>Tel\u00e9fono en Medell\u00edn-Colombia:<br \/>(57) 315 403 8556<\/p>\n<p>Correo electr\u00f3nico:<br \/><a href=\"mailto:soporte@rendisoft.com\">ventas@rendisoft.com<\/a><\/p>\n<p><a href=\"mailto:soporte@rendisoft.com\">soporte@rendisoft.com<\/a><\/p>\n<p>[\/et_pb_cta][\/et_pb_column][et_pb_column type=&#8221;1_2&#8243; _builder_version=&#8221;4.15.1&#8243; _module_preset=&#8221;default&#8221; global_colors_info=&#8221;{}&#8221;][et_pb_post_slider more_text=&#8221;Leer m\u00e1s&#8221; excerpt_length=&#8221;80&#8243; _builder_version=&#8221;4.15.1&#8243; _module_preset=&#8221;default&#8221; background_color=&#8221;#000000&#8243; min_height=&#8221;319px&#8221; hover_enabled=&#8221;0&#8243; global_colors_info=&#8221;{}&#8221; sticky_enabled=&#8221;0&#8243; custom_margin=&#8221;||3px|||&#8221;][\/et_pb_post_slider][\/et_pb_column][\/et_pb_row][\/et_pb_section]<\/p>\n","protected":false},"excerpt":{"rendered":"<p>Tiempos y MovimientosLas diferentes t\u00e9cnicas de estudios de tiempos y todas sus aplicaciones dentro de una organizaci\u00f3n le permiten a la direcci\u00f3n conocer el tiempo real que se invierte en ejecutar una operaci\u00f3n o serie de operaciones de tal forma que el tiempo improductivo se evidencie y sea posible separarlo del tiempo productivo. Es sorprendente [&hellip;]<\/p>\n","protected":false},"author":2,"featured_media":0,"parent":0,"menu_order":0,"comment_status":"closed","ping_status":"closed","template":"","meta":{"_et_pb_use_builder":"on","_et_pb_old_content":"","_et_gb_content_width":"","om_disable_all_campaigns":false,"_monsterinsights_skip_tracking":false,"_monsterinsights_sitenote_active":false,"_monsterinsights_sitenote_note":"","_monsterinsights_sitenote_category":0,"footnotes":""},"class_list":["post-356","page","type-page","status-publish","hentry"],"aioseo_notices":[],"_links":{"self":[{"href":"https:\/\/rendisoft.com\/index.php\/wp-json\/wp\/v2\/pages\/356"}],"collection":[{"href":"https:\/\/rendisoft.com\/index.php\/wp-json\/wp\/v2\/pages"}],"about":[{"href":"https:\/\/rendisoft.com\/index.php\/wp-json\/wp\/v2\/types\/page"}],"author":[{"embeddable":true,"href":"https:\/\/rendisoft.com\/index.php\/wp-json\/wp\/v2\/users\/2"}],"replies":[{"embeddable":true,"href":"https:\/\/rendisoft.com\/index.php\/wp-json\/wp\/v2\/comments?post=356"}],"version-history":[{"count":10,"href":"https:\/\/rendisoft.com\/index.php\/wp-json\/wp\/v2\/pages\/356\/revisions"}],"predecessor-version":[{"id":491,"href":"https:\/\/rendisoft.com\/index.php\/wp-json\/wp\/v2\/pages\/356\/revisions\/491"}],"wp:attachment":[{"href":"https:\/\/rendisoft.com\/index.php\/wp-json\/wp\/v2\/media?parent=356"}],"curies":[{"name":"wp","href":"https:\/\/api.w.org\/{rel}","templated":true}]}}