{"id":354,"date":"2023-10-03T16:36:15","date_gmt":"2023-10-03T21:36:15","guid":{"rendered":"https:\/\/rendisoft.com\/?page_id=354"},"modified":"2023-10-09T22:00:11","modified_gmt":"2023-10-10T03:00:11","slug":"gestion-por-procesos","status":"publish","type":"page","link":"https:\/\/rendisoft.com\/index.php\/gestion-por-procesos\/","title":{"rendered":"Gesti\u00f3n Por Procesos"},"content":{"rendered":"<p>[et_pb_section fb_built=&#8221;1&#8243; _builder_version=&#8221;4.15.1&#8243; _module_preset=&#8221;default&#8221; global_colors_info=&#8221;{}&#8221;][et_pb_row _builder_version=&#8221;4.15.1&#8243; _module_preset=&#8221;default&#8221; global_colors_info=&#8221;{}&#8221;][et_pb_column type=&#8221;4_4&#8243; _builder_version=&#8221;4.15.1&#8243; _module_preset=&#8221;default&#8221; global_colors_info=&#8221;{}&#8221;][et_pb_text _builder_version=&#8221;4.15.1&#8243; _module_preset=&#8221;default&#8221; global_colors_info=&#8221;{}&#8221;]<\/p>\n<h3><strong>Gesti\u00f3n Por Procesos<\/strong><\/h3>\n<p>[\/et_pb_text][\/et_pb_column][\/et_pb_row][et_pb_row _builder_version=&#8221;4.15.1&#8243; _module_preset=&#8221;default&#8221; global_colors_info=&#8221;{}&#8221;][et_pb_column type=&#8221;4_4&#8243; _builder_version=&#8221;4.15.1&#8243; _module_preset=&#8221;default&#8221; global_colors_info=&#8221;{}&#8221;][et_pb_image src=&#8221;https:\/\/rendisoft.com\/wp-content\/uploads\/2023\/10\/pexels-digital-buggu-171198-scaled.jpg&#8221; title_text=&#8221;pexels-digital-buggu-171198&#8243; _builder_version=&#8221;4.15.1&#8243; _module_preset=&#8221;default&#8221; global_colors_info=&#8221;{}&#8221;][\/et_pb_image][\/et_pb_column][\/et_pb_row][et_pb_row _builder_version=&#8221;4.15.1&#8243; _module_preset=&#8221;default&#8221; global_colors_info=&#8221;{}&#8221;][et_pb_column type=&#8221;4_4&#8243; _builder_version=&#8221;4.15.1&#8243; _module_preset=&#8221;default&#8221; global_colors_info=&#8221;{}&#8221;][et_pb_text _builder_version=&#8221;4.15.1&#8243; _module_preset=&#8221;default&#8221; global_colors_info=&#8221;{}&#8221;]<\/p>\n<p>Una Administraci\u00f3n moderna es aquella que permanentemente se encuentra inmersa en procesos de mejora que permitan acercarla y hacerla m\u00e1s accesible a sus clientes.<\/p>\n<p>La Gesti\u00f3n por Procesos se revela como una herramienta adecuada ya que supone el paso de una visi\u00f3n \u201cadministrativa\u201d a una visi\u00f3n \u201cgestora\u201d y un cambio cultural radical, que no es ni m\u00e1s ni menos que situar a todos sus clientes como eje fundamental de la realizaci\u00f3n de sus productos y servicios.<\/p>\n<p>Sin duda, esta t\u00e9cnica de gesti\u00f3n requiere para su aplicaci\u00f3n de su previo conocimiento: qu\u00e9 es, en qu\u00e9 consiste, c\u00f3mo se desarrolla, qu\u00e9 efectos va a tener en las relaciones Administraci\u00f3n-Clientes internos y externos.<\/p>\n<p>La organizaci\u00f3n debe escuchar y entender que quieren sus clientes y en funci\u00f3n de sus requisitos, identificar y definir los procesos necesarios para conseguir los objetivos establecidos.<\/p>\n<p>[\/et_pb_text][\/et_pb_column][\/et_pb_row][et_pb_row column_structure=&#8221;1_2,1_2&#8243; _builder_version=&#8221;4.15.1&#8243; _module_preset=&#8221;default&#8221; global_colors_info=&#8221;{}&#8221;][et_pb_column type=&#8221;1_2&#8243; _builder_version=&#8221;4.15.1&#8243; _module_preset=&#8221;default&#8221; global_colors_info=&#8221;{}&#8221;][et_pb_text _builder_version=&#8221;4.15.1&#8243; _module_preset=&#8221;default&#8221; global_colors_info=&#8221;{}&#8221;]<\/p>\n<p><strong><\/strong><\/p>\n<p><strong>HERRAMIENTAS:<\/strong><\/p>\n<ul>\n<li>Dise\u00f1o e implementaci\u00f3n de Sistemas de Gesti\u00f3n por Procesos.<\/li>\n<li>Diagramaci\u00f3n de procesos.<\/li>\n<li>Elaboraci\u00f3n de manuales, procedimientos, instructivos etc.<\/li>\n<li>Evaluaci\u00f3n de puestos y funciones.<\/li>\n<li>Reingenier\u00eda de procesos administrativos.<\/li>\n<li>Dise\u00f1o de indicadores de gesti\u00f3n,<\/li>\n<li>Balanced Score Card.<\/li>\n<\/ul>\n<p>&nbsp;<\/p>\n<p>[\/et_pb_text][\/et_pb_column][et_pb_column type=&#8221;1_2&#8243; _builder_version=&#8221;4.15.1&#8243; _module_preset=&#8221;default&#8221; global_colors_info=&#8221;{}&#8221;][et_pb_image src=&#8221;https:\/\/rendisoft.com\/wp-content\/uploads\/2023\/10\/procesos_rompecab.png&#8221; title_text=&#8221;procesos_rompecab&#8221; _builder_version=&#8221;4.15.1&#8243; _module_preset=&#8221;default&#8221; global_colors_info=&#8221;{}&#8221;][\/et_pb_image][\/et_pb_column][\/et_pb_row][et_pb_row column_structure=&#8221;1_2,1_2&#8243; _builder_version=&#8221;4.15.1&#8243; _module_preset=&#8221;default&#8221; global_colors_info=&#8221;{}&#8221;][et_pb_column type=&#8221;1_2&#8243; _builder_version=&#8221;4.15.1&#8243; _module_preset=&#8221;default&#8221; global_colors_info=&#8221;{}&#8221;][et_pb_cta title=&#8221;Cont\u00e1ctanos&#8221; button_text=&#8221;Click Aqu\u00ed&#8221; _builder_version=&#8221;4.15.1&#8243; _module_preset=&#8221;default&#8221; background_color=&#8221;#000000&#8243; global_colors_info=&#8221;{}&#8221; min_height=&#8221;402.4px&#8221;]<\/p>\n<p>&nbsp;<\/p>\n<p>Tel\u00e9fono en Quito-Ecuador:<br \/>(593) 984 697 519<br \/>Tel\u00e9fono en Medell\u00edn-Colombia:<br \/>(57) 315 403 8556<\/p>\n<p>Correo electr\u00f3nico:<br \/><a href=\"mailto:soporte@rendisoft.com\">ventas@rendisoft.com<\/a><\/p>\n<p><a href=\"mailto:soporte@rendisoft.com\">soporte@rendisoft.com<\/a><\/p>\n<p>[\/et_pb_cta][\/et_pb_column][et_pb_column type=&#8221;1_2&#8243; _builder_version=&#8221;4.15.1&#8243; _module_preset=&#8221;default&#8221; global_colors_info=&#8221;{}&#8221;][et_pb_post_slider include_categories=&#8221;12&#8243; orderby=&#8221;date_asc&#8221; more_text=&#8221;Leer m\u00e1s&#8221; excerpt_length=&#8221;80&#8243; _builder_version=&#8221;4.15.1&#8243; _module_preset=&#8221;default&#8221; background_color=&#8221;#000000&#8243; min_height=&#8221;329.2px&#8221; hover_enabled=&#8221;0&#8243; global_colors_info=&#8221;{}&#8221; sticky_enabled=&#8221;0&#8243;][\/et_pb_post_slider][\/et_pb_column][\/et_pb_row][\/et_pb_section]<\/p>\n","protected":false},"excerpt":{"rendered":"<p>Gesti\u00f3n Por ProcesosUna Administraci\u00f3n moderna es aquella que permanentemente se encuentra inmersa en procesos de mejora que permitan acercarla y hacerla m\u00e1s accesible a sus clientes. La Gesti\u00f3n por Procesos se revela como una herramienta adecuada ya que supone el paso de una visi\u00f3n \u201cadministrativa\u201d a una visi\u00f3n \u201cgestora\u201d y un cambio cultural radical, que [&hellip;]<\/p>\n","protected":false},"author":2,"featured_media":0,"parent":0,"menu_order":0,"comment_status":"closed","ping_status":"closed","template":"","meta":{"_et_pb_use_builder":"on","_et_pb_old_content":"","_et_gb_content_width":"","om_disable_all_campaigns":false,"_monsterinsights_skip_tracking":false,"_monsterinsights_sitenote_active":false,"_monsterinsights_sitenote_note":"","_monsterinsights_sitenote_category":0,"footnotes":""},"class_list":["post-354","page","type-page","status-publish","hentry"],"aioseo_notices":[],"_links":{"self":[{"href":"https:\/\/rendisoft.com\/index.php\/wp-json\/wp\/v2\/pages\/354"}],"collection":[{"href":"https:\/\/rendisoft.com\/index.php\/wp-json\/wp\/v2\/pages"}],"about":[{"href":"https:\/\/rendisoft.com\/index.php\/wp-json\/wp\/v2\/types\/page"}],"author":[{"embeddable":true,"href":"https:\/\/rendisoft.com\/index.php\/wp-json\/wp\/v2\/users\/2"}],"replies":[{"embeddable":true,"href":"https:\/\/rendisoft.com\/index.php\/wp-json\/wp\/v2\/comments?post=354"}],"version-history":[{"count":8,"href":"https:\/\/rendisoft.com\/index.php\/wp-json\/wp\/v2\/pages\/354\/revisions"}],"predecessor-version":[{"id":489,"href":"https:\/\/rendisoft.com\/index.php\/wp-json\/wp\/v2\/pages\/354\/revisions\/489"}],"wp:attachment":[{"href":"https:\/\/rendisoft.com\/index.php\/wp-json\/wp\/v2\/media?parent=354"}],"curies":[{"name":"wp","href":"https:\/\/api.w.org\/{rel}","templated":true}]}}