{"id":351,"date":"2023-10-03T16:34:05","date_gmt":"2023-10-03T21:34:05","guid":{"rendered":"https:\/\/rendisoft.com\/?page_id=351"},"modified":"2023-10-09T21:57:57","modified_gmt":"2023-10-10T02:57:57","slug":"consultoria","status":"publish","type":"page","link":"https:\/\/rendisoft.com\/index.php\/consultoria\/","title":{"rendered":"Consultor\u00eda"},"content":{"rendered":"<p>[et_pb_section fb_built=&#8221;1&#8243; _builder_version=&#8221;4.15.1&#8243; _module_preset=&#8221;default&#8221; custom_padding=&#8221;5px|||||&#8221; global_colors_info=&#8221;{}&#8221;][et_pb_row _builder_version=&#8221;4.15.1&#8243; _module_preset=&#8221;default&#8221; global_colors_info=&#8221;{}&#8221;][et_pb_column type=&#8221;4_4&#8243; _builder_version=&#8221;4.15.1&#8243; _module_preset=&#8221;default&#8221; global_colors_info=&#8221;{}&#8221;][et_pb_text _builder_version=&#8221;4.15.1&#8243; _module_preset=&#8221;default&#8221; global_colors_info=&#8221;{}&#8221;]<\/p>\n<h3><strong>Consultor\u00eda<\/strong><\/h3>\n<p>[\/et_pb_text][\/et_pb_column][\/et_pb_row][et_pb_row _builder_version=&#8221;4.15.1&#8243; _module_preset=&#8221;default&#8221; custom_margin=&#8221;-9px|auto||auto||&#8221; global_colors_info=&#8221;{}&#8221;][et_pb_column type=&#8221;4_4&#8243; _builder_version=&#8221;4.15.1&#8243; _module_preset=&#8221;default&#8221; global_colors_info=&#8221;{}&#8221;][et_pb_image src=&#8221;https:\/\/rendisoft.com\/wp-content\/uploads\/2023\/10\/Consultoria-scaled.jpg&#8221; alt=&#8221;consultoria_rendisoft&#8221; title_text=&#8221;Consultoria&#8221; _builder_version=&#8221;4.15.1&#8243; _module_preset=&#8221;default&#8221; custom_margin=&#8221;-24px|||||&#8221; global_colors_info=&#8221;{}&#8221;][\/et_pb_image][\/et_pb_column][\/et_pb_row][et_pb_row _builder_version=&#8221;4.15.1&#8243; _module_preset=&#8221;default&#8221; global_colors_info=&#8221;{}&#8221;][et_pb_column type=&#8221;4_4&#8243; _builder_version=&#8221;4.15.1&#8243; _module_preset=&#8221;default&#8221; global_colors_info=&#8221;{}&#8221;][et_pb_text _builder_version=&#8221;4.15.1&#8243; _module_preset=&#8221;default&#8221; custom_margin=&#8221;-18px|||||&#8221; global_colors_info=&#8221;{}&#8221;]<\/p>\n<p>Prestamos servicios de consultor\u00eda y capacitaci\u00f3n, poseemos una s\u00f3lida formaci\u00f3n y experiencia en diferentes \u00e1reas operativas de la organizaci\u00f3n que buscan mejorar en forma r\u00e1pida y sostenible la Productividad y Calidad de una compa\u00f1\u00eda, convirtiendo todo esto en un mayor incremento de las ventas, la rentabilidad del negocio y el aumento de la satisfacci\u00f3n de los clientes.<\/p>\n<p>Nuestros servicios est\u00e1n orientados a las medianas y peque\u00f1as empresas industriales, agroindustriales, comerciales y de servicios nacionales e internacionales que deseen mejorar el desempe\u00f1o en Calidad y Producci\u00f3n de su negocio.<\/p>\n<p>\u00a0<strong>Metodolog\u00eda de Aplicaci\u00f3n:<\/strong><\/p>\n<p><strong>Consultor\u00eda Integral<\/strong><\/p>\n<p>Lograr resultados contundentes en las \u00e1reas de una empresa por medio de herramientas de clase mundial hacen que la excelencia operativa sea mucho m\u00e1s que la reducci\u00f3n de costos. El objetivo es lograr m\u00e1s velocidad, flexibilidad y altos niveles en la capacidad de respuesta para aumentar la competitividad y el crecimiento. Con nuestra metodolog\u00eda contribuimos a generar las mejoras de proceso desde el inicio, permitiendo que el margen de utilidad de su empresa crezca m\u00e1s r\u00e1pido.<\/p>\n<p>[\/et_pb_text][\/et_pb_column][\/et_pb_row][et_pb_row _builder_version=&#8221;4.15.1&#8243; _module_preset=&#8221;default&#8221; global_colors_info=&#8221;{}&#8221;][et_pb_column type=&#8221;4_4&#8243; _builder_version=&#8221;4.15.1&#8243; _module_preset=&#8221;default&#8221; global_colors_info=&#8221;{}&#8221;][et_pb_image src=&#8221;https:\/\/rendisoft.com\/wp-content\/uploads\/2023\/10\/Metodologia_Consultoria-1.png&#8221; title_text=&#8221;Metodologia_Consultoria&#8221; align=&#8221;center&#8221; _builder_version=&#8221;4.15.1&#8243; _module_preset=&#8221;default&#8221; custom_margin=&#8221;-21px|||||&#8221; custom_padding=&#8221;0px|||||&#8221; global_colors_info=&#8221;{}&#8221;][\/et_pb_image][\/et_pb_column][\/et_pb_row][et_pb_row _builder_version=&#8221;4.15.1&#8243; _module_preset=&#8221;default&#8221; global_colors_info=&#8221;{}&#8221;][et_pb_column type=&#8221;4_4&#8243; _builder_version=&#8221;4.15.1&#8243; _module_preset=&#8221;default&#8221; global_colors_info=&#8221;{}&#8221;][et_pb_image src=&#8221;https:\/\/rendisoft.com\/wp-content\/uploads\/2023\/10\/Metodologia_Consultoria_fase2.png&#8221; title_text=&#8221;Metodologia_Consultoria_fase2&#8243; align=&#8221;center&#8221; _builder_version=&#8221;4.15.1&#8243; _module_preset=&#8221;default&#8221; global_colors_info=&#8221;{}&#8221;][\/et_pb_image][\/et_pb_column][\/et_pb_row][et_pb_row _builder_version=&#8221;4.15.1&#8243; _module_preset=&#8221;default&#8221; global_colors_info=&#8221;{}&#8221;][et_pb_column type=&#8221;4_4&#8243; _builder_version=&#8221;4.15.1&#8243; _module_preset=&#8221;default&#8221; global_colors_info=&#8221;{}&#8221;][et_pb_text _builder_version=&#8221;4.15.1&#8243; _module_preset=&#8221;default&#8221; custom_margin=&#8221;-38px|||||&#8221; global_colors_info=&#8221;{}&#8221;]<\/p>\n<p>Nota: Si la empresa tiene definido un proyecto en un \u00e1rea espec\u00edfica donde quiere que le ayudemos el comienzo de la consultor\u00eda ser\u00eda desde la fase 2.<\/p>\n<h3><strong><\/strong><\/h3>\n<h3><strong><\/strong><\/h3>\n<h3><strong><\/strong><\/h3>\n<h3><strong>Principales Temas de Aplicaci\u00f3n<\/strong><\/h3>\n<p>[\/et_pb_text][\/et_pb_column][\/et_pb_row][et_pb_row _builder_version=&#8221;4.15.1&#8243; _module_preset=&#8221;default&#8221; global_colors_info=&#8221;{}&#8221;][et_pb_column type=&#8221;4_4&#8243; _builder_version=&#8221;4.15.1&#8243; _module_preset=&#8221;default&#8221; global_colors_info=&#8221;{}&#8221;][et_pb_image src=&#8221;https:\/\/rendisoft.com\/wp-content\/uploads\/2023\/10\/Servicios_Consultoria-1.png&#8221; title_text=&#8221;Servicios_Consultoria&#8221; align=&#8221;center&#8221; _builder_version=&#8221;4.15.1&#8243; _module_preset=&#8221;default&#8221; custom_margin=&#8221;-35px|||||&#8221; global_colors_info=&#8221;{}&#8221;][\/et_pb_image][\/et_pb_column][\/et_pb_row][et_pb_row column_structure=&#8221;1_2,1_2&#8243; _builder_version=&#8221;4.15.1&#8243; _module_preset=&#8221;default&#8221; global_colors_info=&#8221;{}&#8221;][et_pb_column type=&#8221;1_2&#8243; _builder_version=&#8221;4.15.1&#8243; _module_preset=&#8221;default&#8221; global_colors_info=&#8221;{}&#8221;][et_pb_cta title=&#8221;Cont\u00e1ctanos&#8221; button_text=&#8221;Click Aqu\u00ed&#8221; _builder_version=&#8221;4.15.1&#8243; _module_preset=&#8221;default&#8221; background_color=&#8221;#000000&#8243; custom_margin=&#8221;||16px|||&#8221; custom_padding=&#8221;||60px|||&#8221; hover_enabled=&#8221;0&#8243; global_colors_info=&#8221;{}&#8221; sticky_enabled=&#8221;0&#8243; min_height=&#8221;402.6px&#8221;]<\/p>\n<p>&nbsp;<\/p>\n<p>\u00a0Tel\u00e9fono en Quito-Ecuador:<br \/>(593) 984 697 519<br \/>Tel\u00e9fono en Medell\u00edn-Colombia:<br \/>(57) 315 403 8556<\/p>\n<p>Correo electr\u00f3nico:<br \/><a href=\"mailto:soporte@rendisoft.com\">ventas@rendisoft.com<\/a><\/p>\n<p><a href=\"mailto:soporte@rendisoft.com\">soporte@rendisoft.com<\/a><\/p>\n<p>[\/et_pb_cta][\/et_pb_column][et_pb_column type=&#8221;1_2&#8243; _builder_version=&#8221;4.15.1&#8243; _module_preset=&#8221;default&#8221; global_colors_info=&#8221;{}&#8221;][et_pb_post_slider include_categories=&#8221;12&#8243; more_text=&#8221;Leer  m\u00e1s&#8221; excerpt_length=&#8221;80&#8243; bg_overlay_color=&#8221;#000000&#8243; _builder_version=&#8221;4.15.1&#8243; _module_preset=&#8221;default&#8221; background_color=&#8221;#000000&#8243; min_height=&#8221;321px&#8221; custom_margin=&#8221;||6px|||&#8221; hover_enabled=&#8221;0&#8243; global_colors_info=&#8221;{}&#8221; sticky_enabled=&#8221;0&#8243;][\/et_pb_post_slider][\/et_pb_column][\/et_pb_row][\/et_pb_section]<\/p>\n","protected":false},"excerpt":{"rendered":"<p>Consultor\u00edaPrestamos servicios de consultor\u00eda y capacitaci\u00f3n, poseemos una s\u00f3lida formaci\u00f3n y experiencia en diferentes \u00e1reas operativas de la organizaci\u00f3n que buscan mejorar en forma r\u00e1pida y sostenible la Productividad y Calidad de una compa\u00f1\u00eda, convirtiendo todo esto en un mayor incremento de las ventas, la rentabilidad del negocio y el aumento de la satisfacci\u00f3n de [&hellip;]<\/p>\n","protected":false},"author":2,"featured_media":0,"parent":0,"menu_order":0,"comment_status":"closed","ping_status":"closed","template":"","meta":{"_et_pb_use_builder":"on","_et_pb_old_content":"","_et_gb_content_width":"","om_disable_all_campaigns":false,"_monsterinsights_skip_tracking":false,"_monsterinsights_sitenote_active":false,"_monsterinsights_sitenote_note":"","_monsterinsights_sitenote_category":0,"footnotes":""},"class_list":["post-351","page","type-page","status-publish","hentry"],"aioseo_notices":[],"_links":{"self":[{"href":"https:\/\/rendisoft.com\/index.php\/wp-json\/wp\/v2\/pages\/351"}],"collection":[{"href":"https:\/\/rendisoft.com\/index.php\/wp-json\/wp\/v2\/pages"}],"about":[{"href":"https:\/\/rendisoft.com\/index.php\/wp-json\/wp\/v2\/types\/page"}],"author":[{"embeddable":true,"href":"https:\/\/rendisoft.com\/index.php\/wp-json\/wp\/v2\/users\/2"}],"replies":[{"embeddable":true,"href":"https:\/\/rendisoft.com\/index.php\/wp-json\/wp\/v2\/comments?post=351"}],"version-history":[{"count":11,"href":"https:\/\/rendisoft.com\/index.php\/wp-json\/wp\/v2\/pages\/351\/revisions"}],"predecessor-version":[{"id":487,"href":"https:\/\/rendisoft.com\/index.php\/wp-json\/wp\/v2\/pages\/351\/revisions\/487"}],"wp:attachment":[{"href":"https:\/\/rendisoft.com\/index.php\/wp-json\/wp\/v2\/media?parent=351"}],"curies":[{"name":"wp","href":"https:\/\/api.w.org\/{rel}","templated":true}]}}