{"id":15,"date":"2022-11-08T23:58:35","date_gmt":"2022-11-08T23:58:35","guid":{"rendered":"https:\/\/rendisoft.com\/?page_id=15"},"modified":"2022-11-11T10:55:54","modified_gmt":"2022-11-11T15:55:54","slug":"producto","status":"publish","type":"page","link":"https:\/\/rendisoft.com\/index.php\/producto\/","title":{"rendered":"PRODUCTO"},"content":{"rendered":"<p>[et_pb_section fb_built=&#8221;1&#8243; _builder_version=&#8221;4.15.1&#8243; _module_preset=&#8221;default&#8221; global_colors_info=&#8221;{}&#8221;][et_pb_row _builder_version=&#8221;4.15.1&#8243; _module_preset=&#8221;default&#8221; global_colors_info=&#8221;{}&#8221;][et_pb_column type=&#8221;4_4&#8243; _builder_version=&#8221;4.15.1&#8243; _module_preset=&#8221;default&#8221; global_colors_info=&#8221;{}&#8221;][et_pb_text _builder_version=&#8221;4.15.1&#8243; _module_preset=&#8221;default&#8221; text_font=&#8221;PT Sans||||||||&#8221; text_text_color=&#8221;#0C71C3&#8243; text_font_size=&#8221;34px&#8221; custom_margin=&#8221;||-7px|||&#8221; global_colors_info=&#8221;{}&#8221;]<\/p>\n<p><strong>SOFTWARE<\/strong><\/p>\n<p>[\/et_pb_text][\/et_pb_column][\/et_pb_row][\/et_pb_section][et_pb_section fb_built=&#8221;1&#8243; _builder_version=&#8221;4.15.1&#8243; _module_preset=&#8221;default&#8221; min_height=&#8221;496.6px&#8221; custom_margin=&#8221;-166px|||||&#8221; global_colors_info=&#8221;{}&#8221;][et_pb_row column_structure=&#8221;2_5,3_5&#8243; _builder_version=&#8221;4.15.1&#8243; _module_preset=&#8221;default&#8221; custom_padding=&#8221;0px|||||&#8221; global_colors_info=&#8221;{}&#8221;][et_pb_column type=&#8221;2_5&#8243; _builder_version=&#8221;4.15.1&#8243; _module_preset=&#8221;default&#8221; global_colors_info=&#8221;{}&#8221;][et_pb_text _builder_version=&#8221;4.15.1&#8243; _module_preset=&#8221;default&#8221; text_font=&#8221;PT Sans||||||||&#8221; text_text_color=&#8221;#0c71c3&#8243; text_font_size=&#8221;18px&#8221; text_line_height=&#8221;1.9em&#8221; custom_padding=&#8221;56px||0px|||&#8221; global_colors_info=&#8221;{}&#8221;]<\/p>\n<p style=\"text-align: left;\"><span style=\"color: #666666;\">Rendisoft es un software para gestionar los rendimientos y calidad de los procesos en las empresas agr\u00edcolas de f\u00e1cil uso, permitiendo coordinar las actividades, realizando registros, midiendo indicadores y generando reportes agiles que ayudan a controlar las operaciones, contribuyendo a la mejora de la productividad.<\/span><\/p>\n<p>[\/et_pb_text][\/et_pb_column][et_pb_column type=&#8221;3_5&#8243; _builder_version=&#8221;4.15.1&#8243; _module_preset=&#8221;default&#8221; hover_enabled=&#8221;0&#8243; global_colors_info=&#8221;{}&#8221; sticky_enabled=&#8221;0&#8243;][et_pb_image src=&#8221;https:\/\/rendisoft.com\/wp-content\/uploads\/2022\/11\/Rendisoft_quienes_somos.png&#8221; title_text=&#8221;Rendisoft_quienes_somos&#8221; _builder_version=&#8221;4.15.1&#8243; _module_preset=&#8221;default&#8221; width=&#8221;75%&#8221; max_width=&#8221;77%&#8221; hover_enabled=&#8221;0&#8243; global_colors_info=&#8221;{}&#8221; align=&#8221;center&#8221; sticky_enabled=&#8221;0&#8243;][\/et_pb_image][\/et_pb_column][\/et_pb_row][et_pb_row _builder_version=&#8221;4.15.1&#8243; _module_preset=&#8221;default&#8221;][et_pb_column _builder_version=&#8221;4.15.1&#8243; _module_preset=&#8221;default&#8221; type=&#8221;4_4&#8243;][et_pb_text _builder_version=&#8221;4.15.1&#8243; _module_preset=&#8221;default&#8221; text_font=&#8221;PT Sans||||||||&#8221; text_font_size=&#8221;34px&#8221; text_text_color=&#8221;#0C71C3&#8243; hover_enabled=&#8221;0&#8243; sticky_enabled=&#8221;0&#8243;]<\/p>\n<p><strong>PROBLEMAS<\/strong><\/p>\n<p>[\/et_pb_text][\/et_pb_column][\/et_pb_row][et_pb_row _builder_version=&#8221;4.15.1&#8243; _module_preset=&#8221;default&#8221; column_structure=&#8221;1_5,1_5,1_5,1_5,1_5&#8243;][et_pb_column _builder_version=&#8221;4.15.1&#8243; _module_preset=&#8221;default&#8221; type=&#8221;1_5&#8243;][et_pb_blurb title=&#8221;P\u00e9rdida de Productividad&#8221; image=&#8221;https:\/\/rendisoft.com\/wp-content\/uploads\/2022\/11\/tallos_productividad-scaled.jpg&#8221; _builder_version=&#8221;4.15.1&#8243; _module_preset=&#8221;default&#8221; title_text=&#8221;tallos_productividad&#8221; hover_enabled=&#8221;0&#8243; sticky_enabled=&#8221;0&#8243;]<\/p>\n<p style=\"margin: 0cm; vertical-align: baseline;\"><span style=\"font-size: 10.5pt; font-family: 'Open Sans',sans-serif; color: #666666;\">Menor cantidad de tallos producidos, incremento de personal operativo y administrativo y horas de trabajo.\u00a0<o:p><\/o:p><\/span><\/p>\n<p>[\/et_pb_blurb][\/et_pb_column][et_pb_column _builder_version=&#8221;4.15.1&#8243; _module_preset=&#8221;default&#8221; type=&#8221;1_5&#8243;][et_pb_blurb title=&#8221;Reducci\u00f3n de la Calidad&#8221; image=&#8221;https:\/\/rendisoft.com\/wp-content\/uploads\/2022\/11\/reduccion_calidad2-e1668181576355.png&#8221; _builder_version=&#8221;4.15.1&#8243; _module_preset=&#8221;default&#8221; hover_enabled=&#8221;0&#8243; sticky_enabled=&#8221;0&#8243; title_text=&#8221;reduccion_calidad2&#8243;]<\/p>\n<p style=\"margin: 0cm; vertical-align: baseline;\"><span style=\"font-size: 10.5pt; font-family: 'Open Sans',sans-serif; color: #666666;\">Incremento de flor nacional, reducci\u00f3n de los grados de calidad, aumento de cr\u00e9ditos por reclamos, p\u00e9rdida de clientes.<o:p><\/o:p><\/span><\/p>\n<p>[\/et_pb_blurb][\/et_pb_column][et_pb_column _builder_version=&#8221;4.15.1&#8243; _module_preset=&#8221;default&#8221; type=&#8221;1_5&#8243;][et_pb_blurb title=&#8221;Aumento de costos unitarios&#8221; image=&#8221;https:\/\/rendisoft.com\/wp-content\/uploads\/2022\/11\/costos_rosas_increm-transformed.jpeg&#8221; _builder_version=&#8221;4.15.1&#8243; _module_preset=&#8221;default&#8221; title_text=&#8221;costos_rosas_increm-transformed&#8221; hover_enabled=&#8221;0&#8243; sticky_enabled=&#8221;0&#8243;]<\/p>\n<p style=\"margin: 0cm; vertical-align: baseline;\"><span style=\"font-size: 10.5pt; font-family: 'Open Sans',sans-serif; color: #666666;\">P\u00e9rdida de competitividad por incremento de costos de mano de obra, agroqu\u00edmicos, fertilizantes, insumos, materiales.<o:p><\/o:p><\/span><\/p>\n<p>.<\/p>\n<p>[\/et_pb_blurb][\/et_pb_column][et_pb_column _builder_version=&#8221;4.15.1&#8243; _module_preset=&#8221;default&#8221; type=&#8221;1_5&#8243;][et_pb_blurb title=&#8221;An\u00e1lisis escaso de Informaci\u00f3n&#8221; image=&#8221;https:\/\/rendisoft.com\/wp-content\/uploads\/2022\/11\/analisis_escaso-transformed.jpeg&#8221; _builder_version=&#8221;4.15.1&#8243; _module_preset=&#8221;default&#8221; title_text=&#8221;analisis_escaso-transformed&#8221; hover_enabled=&#8221;0&#8243; sticky_enabled=&#8221;0&#8243;]<\/p>\n<p>Toma de decisiones inapropiadas por no tener informaci\u00f3n adecuada o utilizar la informaci\u00f3n equivocadamente.<\/p>\n<p>.<\/p>\n<p>[\/et_pb_blurb][\/et_pb_column][et_pb_column _builder_version=&#8221;4.15.1&#8243; _module_preset=&#8221;default&#8221; type=&#8221;1_5&#8243;][et_pb_blurb title=&#8221;Disminuci\u00f3n del Clima Laboral&#8221; image=&#8221;https:\/\/rendisoft.com\/wp-content\/uploads\/2022\/11\/clima_laboral_bajo-scaled.jpg&#8221; _builder_version=&#8221;4.15.1&#8243; _module_preset=&#8221;default&#8221; title_text=&#8221;clima_laboral_bajo&#8221; hover_enabled=&#8221;0&#8243; sticky_enabled=&#8221;0&#8243;]<\/p>\n<p>Personal frustrado y desmotivado por no tener un feedback adecuado por parte de mandos medios y jefes. (Rotaci\u00f3n).<\/p>\n<p>[\/et_pb_blurb][\/et_pb_column][\/et_pb_row][et_pb_row _builder_version=&#8221;4.15.1&#8243; _module_preset=&#8221;default&#8221;][et_pb_column _builder_version=&#8221;4.15.1&#8243; _module_preset=&#8221;default&#8221; type=&#8221;4_4&#8243;][et_pb_text _builder_version=&#8221;4.15.1&#8243; _module_preset=&#8221;default&#8221; text_text_color=&#8221;#0C71C3&#8243; text_font_size=&#8221;34px&#8221; text_font=&#8221;PT Sans||||||||&#8221; hover_enabled=&#8221;0&#8243; sticky_enabled=&#8221;0&#8243; text_line_height=&#8221;1em&#8221;]<\/p>\n<p><strong>FALTA DE UN SISTEMA DE GESTI\u00d3N DE CONTROL DE CALIDAD Y RENDIMIENTO<\/strong><\/p>\n<p>[\/et_pb_text][\/et_pb_column][\/et_pb_row][et_pb_row _builder_version=&#8221;4.15.1&#8243; _module_preset=&#8221;default&#8221; column_structure=&#8221;1_3,1_3,1_3&#8243;][et_pb_column _builder_version=&#8221;4.15.1&#8243; _module_preset=&#8221;default&#8221; type=&#8221;1_3&#8243;][\/et_pb_column][et_pb_column _builder_version=&#8221;4.15.1&#8243; _module_preset=&#8221;default&#8221; type=&#8221;1_3&#8243;][et_pb_image src=&#8221;https:\/\/rendisoft.com\/wp-content\/uploads\/2022\/11\/CalyRend.png&#8221; _builder_version=&#8221;4.15.1&#8243; _module_preset=&#8221;default&#8221; title_text=&#8221;CalyRend&#8221; hover_enabled=&#8221;0&#8243; sticky_enabled=&#8221;0&#8243;][\/et_pb_image][\/et_pb_column][et_pb_column _builder_version=&#8221;4.15.1&#8243; _module_preset=&#8221;default&#8221; type=&#8221;1_3&#8243;][\/et_pb_column][\/et_pb_row][et_pb_row _builder_version=&#8221;4.15.1&#8243; _module_preset=&#8221;default&#8221; hover_enabled=&#8221;0&#8243; global_colors_info=&#8221;{}&#8221; sticky_enabled=&#8221;0&#8243;][et_pb_column type=&#8221;4_4&#8243; _builder_version=&#8221;4.15.1&#8243; _module_preset=&#8221;default&#8221; global_colors_info=&#8221;{}&#8221;][et_pb_text _builder_version=&#8221;4.15.1&#8243; _module_preset=&#8221;default&#8221; text_font=&#8221;PT Sans||||||||&#8221; text_text_color=&#8221;#0C71C3&#8243; text_font_size=&#8221;34px&#8221; custom_padding=&#8221;||0px|||&#8221; hover_enabled=&#8221;0&#8243; global_colors_info=&#8221;{}&#8221; sticky_enabled=&#8221;0&#8243;]<\/p>\n<p><strong>CARACTER\u00cdSTICAS<\/strong><\/p>\n<p>[\/et_pb_text][\/et_pb_column][\/et_pb_row][et_pb_row column_structure=&#8221;1_3,1_3,1_3&#8243; _builder_version=&#8221;4.15.1&#8243; _module_preset=&#8221;default&#8221; global_colors_info=&#8221;{}&#8221;][et_pb_column type=&#8221;1_3&#8243; _builder_version=&#8221;4.15.1&#8243; _module_preset=&#8221;default&#8221; global_colors_info=&#8221;{}&#8221;][et_pb_blurb title=&#8221;Captura de Datos M\u00f3vil&#8221; image=&#8221;https:\/\/rendisoft.com\/wp-content\/uploads\/2022\/11\/captura_datos_movil.png&#8221; image_icon_width=&#8221;43%&#8221; _builder_version=&#8221;4.15.1&#8243; _module_preset=&#8221;default&#8221; global_colors_info=&#8221;{}&#8221;]<\/p>\n<p>Realiza registros con dispositivos m\u00f3viles con o sin conexi\u00f3n a internet, con posterior sincronizaci\u00f3n.<\/p>\n<p>.<\/p>\n<p>[\/et_pb_blurb][\/et_pb_column][et_pb_column type=&#8221;1_3&#8243; _builder_version=&#8221;4.15.1&#8243; _module_preset=&#8221;default&#8221; global_colors_info=&#8221;{}&#8221;][et_pb_blurb title=&#8221;Digitaliza Check List y Formatos&#8221; image=&#8221;https:\/\/rendisoft.com\/wp-content\/uploads\/2022\/11\/check_list.png&#8221; image_icon_width=&#8221;78%&#8221; _builder_version=&#8221;4.15.1&#8243; _module_preset=&#8221;default&#8221; global_colors_info=&#8221;{}&#8221;]<\/p>\n<p>Los checklists disponibles en el sistema ya est\u00e1n listos para su uso. Adapte y configure de acuerdo con su necesidad.<\/p>\n<p>[\/et_pb_blurb][\/et_pb_column][et_pb_column type=&#8221;1_3&#8243; _builder_version=&#8221;4.15.1&#8243; _module_preset=&#8221;default&#8221; global_colors_info=&#8221;{}&#8221;][et_pb_blurb title=&#8221;Control de Rendimiento&#8221; image=&#8221;https:\/\/rendisoft.com\/wp-content\/uploads\/2022\/11\/rep_rdto_horas.png&#8221; image_icon_width=&#8221;26%&#8221; _builder_version=&#8221;4.15.1&#8243; _module_preset=&#8221;default&#8221; global_colors_info=&#8221;{}&#8221;]<\/p>\n<p>Permite el registro de producci\u00f3n y horas de trabajo desde el sitio en cosecha, post-cosecha, labores culturales, fumigaci\u00f3n, fertiriego, otras tareas de apoyo.<\/p>\n<p>.<\/p>\n<p>[\/et_pb_blurb][\/et_pb_column][\/et_pb_row][et_pb_row column_structure=&#8221;1_3,1_3,1_3&#8243; _builder_version=&#8221;4.15.1&#8243; _module_preset=&#8221;default&#8221; global_colors_info=&#8221;{}&#8221;][et_pb_column type=&#8221;1_3&#8243; _builder_version=&#8221;4.15.1&#8243; _module_preset=&#8221;default&#8221; global_colors_info=&#8221;{}&#8221;][et_pb_blurb title=&#8221;Control de Calidad&#8221; image=&#8221;https:\/\/rendisoft.com\/wp-content\/uploads\/2022\/11\/aseg_calidad.png&#8221; image_icon_width=&#8221;40%&#8221; _builder_version=&#8221;4.15.1&#8243; _module_preset=&#8221;default&#8221; global_colors_info=&#8221;{}&#8221;]<\/p>\n<p>Registra las inspecciones y auditorias en campo y post-cosecha, mide y vincula la calidad de procesos y productos individual o grupal, controla el proceso y registra eventos que impactan en la operaci\u00f3n.<\/p>\n<p>[\/et_pb_blurb][\/et_pb_column][et_pb_column type=&#8221;1_3&#8243; _builder_version=&#8221;4.15.1&#8243; _module_preset=&#8221;default&#8221; global_colors_info=&#8221;{}&#8221;][et_pb_blurb title=&#8221;Pago de Bonificaciones&#8221; image=&#8221;https:\/\/rendisoft.com\/wp-content\/uploads\/2022\/11\/pago_bono.png&#8221; image_icon_width=&#8221;34%&#8221; _builder_version=&#8221;4.15.1&#8243; _module_preset=&#8221;default&#8221; global_colors_info=&#8221;{}&#8221;]<\/p>\n<p>Establezca pago de bonificaciones al personal seg\u00fan niveles alcanzados de rendimiento y calidad integrados para pagar por nomina.<\/p>\n<p>[\/et_pb_blurb][\/et_pb_column][et_pb_column type=&#8221;1_3&#8243; _builder_version=&#8221;4.15.1&#8243; _module_preset=&#8221;default&#8221; global_colors_info=&#8221;{}&#8221;][et_pb_blurb title=&#8221;Planificaci\u00f3n de Mano de Obra&#8221; image=&#8221;https:\/\/rendisoft.com\/wp-content\/uploads\/2022\/11\/planif_mano_obra.png&#8221; image_icon_width=&#8221;90%&#8221; _builder_version=&#8221;4.15.1&#8243; _module_preset=&#8221;default&#8221; global_colors_info=&#8221;{}&#8221;]<\/p>\n<p>Presupueste y controle la cantidad de personas y horas necesarias para realizar las actividades productivas.<\/p>\n<p>[\/et_pb_blurb][\/et_pb_column][\/et_pb_row][et_pb_row column_structure=&#8221;1_3,1_3,1_3&#8243; _builder_version=&#8221;4.15.1&#8243; _module_preset=&#8221;default&#8221; custom_padding=&#8221;34px|||||&#8221; global_colors_info=&#8221;{}&#8221;][et_pb_column type=&#8221;1_3&#8243; _builder_version=&#8221;4.15.1&#8243; _module_preset=&#8221;default&#8221; global_colors_info=&#8221;{}&#8221;][et_pb_blurb title=&#8221;Reportes e Indicadores&#8221; image=&#8221;https:\/\/rendisoft.com\/wp-content\/uploads\/2022\/11\/informes_todo_nivel.png&#8221; image_icon_width=&#8221;24%&#8221; _builder_version=&#8221;4.15.1&#8243; _module_preset=&#8221;default&#8221; custom_padding=&#8221;||0px|||&#8221; global_colors_info=&#8221;{}&#8221;]<\/p>\n<p>Consiga diversidad de reportes e indicadores en tiempo real como rendimiento y nivel de calidad por bloque, variedad, por trabajador y\/o grupo. Reportes adaptados seg\u00fan necesidad de Gerencia. Se integra con otros software.<\/p>\n<p>[\/et_pb_blurb][\/et_pb_column][et_pb_column type=&#8221;1_3&#8243; _builder_version=&#8221;4.15.1&#8243; _module_preset=&#8221;default&#8221; global_colors_info=&#8221;{}&#8221;][et_pb_blurb title=&#8221;Curvas de Aprendizaje&#8221; image=&#8221;https:\/\/rendisoft.com\/wp-content\/uploads\/2022\/11\/curva_aprendizaje.png&#8221; image_icon_width=&#8221;29%&#8221; _builder_version=&#8221;4.15.1&#8243; _module_preset=&#8221;default&#8221; global_colors_info=&#8221;{}&#8221;]<\/p>\n<p>Establezca curvas de aprendizaje por actividad para el personal nuevo y conforme a su nivel de experiencia.<\/p>\n<p>[\/et_pb_blurb][\/et_pb_column][et_pb_column type=&#8221;1_3&#8243; _builder_version=&#8221;4.15.1&#8243; _module_preset=&#8221;default&#8221; global_colors_info=&#8221;{}&#8221;][et_pb_blurb title=&#8221;Control de Tiempos Improductivos&#8221; image=&#8221;https:\/\/rendisoft.com\/wp-content\/uploads\/2022\/11\/tiempos_improductivos.png&#8221; image_icon_width=&#8221;27%&#8221; _builder_version=&#8221;4.15.1&#8243; _module_preset=&#8221;default&#8221; global_colors_info=&#8221;{}&#8221;]<\/p>\n<p>Lleve un control de los tiempos no trabajados\u00a0 por persona, actividad y proceso. Consulte las causas de p\u00e9rdidas de tiempo y correlacione con los cumplimientos de eficiencia y productividad.<\/p>\n<p>[\/et_pb_blurb][\/et_pb_column][\/et_pb_row][et_pb_row _builder_version=&#8221;4.15.1&#8243; _module_preset=&#8221;default&#8221; global_colors_info=&#8221;{}&#8221;][et_pb_column type=&#8221;4_4&#8243; _builder_version=&#8221;4.15.1&#8243; _module_preset=&#8221;default&#8221; global_colors_info=&#8221;{}&#8221;][\/et_pb_column][\/et_pb_row][\/et_pb_section]<\/p>\n","protected":false},"excerpt":{"rendered":"<p>SOFTWARERendisoft es un software para gestionar los rendimientos y calidad de los procesos en las empresas agr\u00edcolas de f\u00e1cil uso, permitiendo coordinar las actividades, realizando registros, midiendo indicadores y generando reportes agiles que ayudan a controlar las operaciones, contribuyendo a la mejora de la productividad.PROBLEMASMenor cantidad de tallos producidos, incremento de personal operativo y administrativo [&hellip;]<\/p>\n","protected":false},"author":2,"featured_media":0,"parent":0,"menu_order":0,"comment_status":"closed","ping_status":"closed","template":"","meta":{"_et_pb_use_builder":"on","_et_pb_old_content":"","_et_gb_content_width":"","om_disable_all_campaigns":false,"_monsterinsights_skip_tracking":false,"_monsterinsights_sitenote_active":false,"_monsterinsights_sitenote_note":"","_monsterinsights_sitenote_category":0,"footnotes":""},"class_list":["post-15","page","type-page","status-publish","hentry"],"aioseo_notices":[],"_links":{"self":[{"href":"https:\/\/rendisoft.com\/index.php\/wp-json\/wp\/v2\/pages\/15"}],"collection":[{"href":"https:\/\/rendisoft.com\/index.php\/wp-json\/wp\/v2\/pages"}],"about":[{"href":"https:\/\/rendisoft.com\/index.php\/wp-json\/wp\/v2\/types\/page"}],"author":[{"embeddable":true,"href":"https:\/\/rendisoft.com\/index.php\/wp-json\/wp\/v2\/users\/2"}],"replies":[{"embeddable":true,"href":"https:\/\/rendisoft.com\/index.php\/wp-json\/wp\/v2\/comments?post=15"}],"version-history":[{"count":40,"href":"https:\/\/rendisoft.com\/index.php\/wp-json\/wp\/v2\/pages\/15\/revisions"}],"predecessor-version":[{"id":207,"href":"https:\/\/rendisoft.com\/index.php\/wp-json\/wp\/v2\/pages\/15\/revisions\/207"}],"wp:attachment":[{"href":"https:\/\/rendisoft.com\/index.php\/wp-json\/wp\/v2\/media?parent=15"}],"curies":[{"name":"wp","href":"https:\/\/api.w.org\/{rel}","templated":true}]}}